{"id":104,"date":"2024-05-21T17:11:05","date_gmt":"2024-05-21T17:11:05","guid":{"rendered":"https:\/\/st-pereke.ee\/?page_id=104"},"modified":"2024-08-18T11:13:27","modified_gmt":"2024-08-18T11:13:27","slug":"meeskond","status":"publish","type":"page","link":"https:\/\/st-pereke.ee\/et\/meeskond\/","title":{"rendered":"Meeskond"},"content":{"rendered":"\n<div class=\"wp-block-group\"><div class=\"wp-block-group__inner-container is-layout-constrained wp-block-group-is-layout-constrained\">\n<p>K\u00f5igil spetsialistidel on k\u00f5rgharidus (magistrikraad) ning suur t\u00f6\u00f6kogemus. Keskus pakub t\u00e4isteenust ja mugavaid tingimusi rehabilitatsiooni l\u00e4bimiseks.<\/p>\n\n\n\n<ul class=\"wp-block-list\">\n<li>J\u00e4rjekordade puudumine<\/li>\n\n\n\n<li>Diagnostika spetsialisti juures<\/li>\n\n\n\n<li>Kaasaegne varustus ja materjalid.<\/li>\n\n\n\n<li>Rehabilitatsiooniplaani koostamine p\u00e4rast t\u00e4ielikku diagnoosi l\u00e4bimist<\/li>\n\n\n\n<li>Ravi ja rehabilitatsioon<\/li>\n\n\n\n<li>Mugav asukoht ja t\u00f6\u00f6aeg<\/li>\n\n\n\n<li>Konfidentsiaalsus<\/li>\n<\/ul>\n<\/div><\/div>\n","protected":false},"excerpt":{"rendered":"<p>K\u00f5igil spetsialistidel on k\u00f5rgharidus (magistrikraad) ning suur t\u00f6\u00f6kogemus. Keskus pakub t\u00e4isteenust ja mugavaid tingimusi rehabilitatsiooni l\u00e4bimiseks.<\/p>\n","protected":false},"author":1,"featured_media":0,"parent":0,"menu_order":0,"comment_status":"closed","ping_status":"closed","template":"page-meeskond.php","meta":{"_acf_changed":false,"footnotes":""},"class_list":["post-104","page","type-page","status-publish","hentry"],"acf":[],"yoast_head":"<!-- This site is optimized with the Yoast SEO plugin v26.4 - https:\/\/yoast.com\/wordpress\/plugins\/seo\/ -->\n<title>Meeskond - meie spetsialistid | St-Pereke<\/title>\n<meta name=\"description\" content=\"Tutvu meie professionaalse meeskonnaga. Eksperdid, kes hoolivad sinu tervisest ja heaolust. Vali oma spetsialist ja broneeri aeg!\" \/>\n<meta name=\"robots\" content=\"index, follow, max-snippet:-1, max-image-preview:large, max-video-preview:-1\" \/>\n<link rel=\"canonical\" href=\"https:\/\/st-pereke.ee\/et\/meeskond\/\" \/>\n<meta property=\"og:locale\" content=\"et_EE\" \/>\n<meta property=\"og:type\" content=\"article\" \/>\n<meta property=\"og:title\" content=\"Meeskond - meie spetsialistid | St-Pereke\" \/>\n<meta property=\"og:description\" content=\"Tutvu meie professionaalse meeskonnaga. Eksperdid, kes hoolivad sinu tervisest ja heaolust. Vali oma spetsialist ja broneeri aeg!\" \/>\n<meta property=\"og:url\" content=\"https:\/\/st-pereke.ee\/et\/meeskond\/\" \/>\n<meta property=\"og:site_name\" content=\"St-Pereke\" \/>\n<meta property=\"article:modified_time\" content=\"2024-08-18T11:13:27+00:00\" \/>\n<meta property=\"og:image\" content=\"https:\/\/st-pereke.ee\/wp-content\/uploads\/2024\/06\/new-logo-1.png\" \/>\n\t<meta property=\"og:image:width\" content=\"1035\" \/>\n\t<meta property=\"og:image:height\" content=\"1089\" \/>\n\t<meta property=\"og:image:type\" content=\"image\/png\" \/>\n<meta name=\"twitter:card\" content=\"summary_large_image\" \/>\n<meta name=\"twitter:label1\" content=\"Est. reading time\" \/>\n\t<meta name=\"twitter:data1\" content=\"1 minut\" \/>\n<script type=\"application\/ld+json\" class=\"yoast-schema-graph\">{\"@context\":\"https:\/\/schema.org\",\"@graph\":[{\"@type\":\"WebPage\",\"@id\":\"https:\/\/st-pereke.ee\/et\/meeskond\/\",\"url\":\"https:\/\/st-pereke.ee\/et\/meeskond\/\",\"name\":\"Meeskond - meie spetsialistid | St-Pereke\",\"isPartOf\":{\"@id\":\"https:\/\/st-pereke.ee\/et\/#website\"},\"datePublished\":\"2024-05-21T17:11:05+00:00\",\"dateModified\":\"2024-08-18T11:13:27+00:00\",\"description\":\"Tutvu meie professionaalse meeskonnaga. Eksperdid, kes hoolivad sinu tervisest ja heaolust. Vali oma spetsialist ja broneeri aeg!\",\"breadcrumb\":{\"@id\":\"https:\/\/st-pereke.ee\/et\/meeskond\/#breadcrumb\"},\"inLanguage\":\"et\",\"potentialAction\":[{\"@type\":\"ReadAction\",\"target\":[\"https:\/\/st-pereke.ee\/et\/meeskond\/\"]}]},{\"@type\":\"BreadcrumbList\",\"@id\":\"https:\/\/st-pereke.ee\/et\/meeskond\/#breadcrumb\",\"itemListElement\":[{\"@type\":\"ListItem\",\"position\":1,\"name\":\"Home\",\"item\":\"https:\/\/st-pereke.ee\/et\/\"},{\"@type\":\"ListItem\",\"position\":2,\"name\":\"Meeskond\"}]},{\"@type\":\"WebSite\",\"@id\":\"https:\/\/st-pereke.ee\/et\/#website\",\"url\":\"https:\/\/st-pereke.ee\/et\/\",\"name\":\"St-Pereke\",\"description\":\"Tallinna Pere Rehabilitatsiooni Keskus\",\"publisher\":{\"@id\":\"https:\/\/st-pereke.ee\/et\/#organization\"},\"potentialAction\":[{\"@type\":\"SearchAction\",\"target\":{\"@type\":\"EntryPoint\",\"urlTemplate\":\"https:\/\/st-pereke.ee\/et\/?s={search_term_string}\"},\"query-input\":{\"@type\":\"PropertyValueSpecification\",\"valueRequired\":true,\"valueName\":\"search_term_string\"}}],\"inLanguage\":\"et\"},{\"@type\":\"Organization\",\"@id\":\"https:\/\/st-pereke.ee\/et\/#organization\",\"name\":\"St-Pereke\",\"url\":\"https:\/\/st-pereke.ee\/et\/\",\"logo\":{\"@type\":\"ImageObject\",\"inLanguage\":\"et\",\"@id\":\"https:\/\/st-pereke.ee\/et\/#\/schema\/logo\/image\/\",\"url\":\"https:\/\/st-pereke.ee\/wp-content\/uploads\/2024\/06\/new-logo-1.png\",\"contentUrl\":\"https:\/\/st-pereke.ee\/wp-content\/uploads\/2024\/06\/new-logo-1.png\",\"width\":1035,\"height\":1089,\"caption\":\"St-Pereke\"},\"image\":{\"@id\":\"https:\/\/st-pereke.ee\/et\/#\/schema\/logo\/image\/\"}}]}<\/script>\n<!-- \/ Yoast SEO plugin. -->","yoast_head_json":{"title":"Meeskond - meie spetsialistid | St-Pereke","description":"Tutvu meie professionaalse meeskonnaga. Eksperdid, kes hoolivad sinu tervisest ja heaolust. Vali oma spetsialist ja broneeri aeg!","robots":{"index":"index","follow":"follow","max-snippet":"max-snippet:-1","max-image-preview":"max-image-preview:large","max-video-preview":"max-video-preview:-1"},"canonical":"https:\/\/st-pereke.ee\/et\/meeskond\/","og_locale":"et_EE","og_type":"article","og_title":"Meeskond - meie spetsialistid | St-Pereke","og_description":"Tutvu meie professionaalse meeskonnaga. Eksperdid, kes hoolivad sinu tervisest ja heaolust. Vali oma spetsialist ja broneeri aeg!","og_url":"https:\/\/st-pereke.ee\/et\/meeskond\/","og_site_name":"St-Pereke","article_modified_time":"2024-08-18T11:13:27+00:00","og_image":[{"width":1035,"height":1089,"url":"https:\/\/st-pereke.ee\/wp-content\/uploads\/2024\/06\/new-logo-1.png","type":"image\/png"}],"twitter_card":"summary_large_image","twitter_misc":{"Est. reading time":"1 minut"},"schema":{"@context":"https:\/\/schema.org","@graph":[{"@type":"WebPage","@id":"https:\/\/st-pereke.ee\/et\/meeskond\/","url":"https:\/\/st-pereke.ee\/et\/meeskond\/","name":"Meeskond - meie spetsialistid | St-Pereke","isPartOf":{"@id":"https:\/\/st-pereke.ee\/et\/#website"},"datePublished":"2024-05-21T17:11:05+00:00","dateModified":"2024-08-18T11:13:27+00:00","description":"Tutvu meie professionaalse meeskonnaga. Eksperdid, kes hoolivad sinu tervisest ja heaolust. Vali oma spetsialist ja broneeri aeg!","breadcrumb":{"@id":"https:\/\/st-pereke.ee\/et\/meeskond\/#breadcrumb"},"inLanguage":"et","potentialAction":[{"@type":"ReadAction","target":["https:\/\/st-pereke.ee\/et\/meeskond\/"]}]},{"@type":"BreadcrumbList","@id":"https:\/\/st-pereke.ee\/et\/meeskond\/#breadcrumb","itemListElement":[{"@type":"ListItem","position":1,"name":"Home","item":"https:\/\/st-pereke.ee\/et\/"},{"@type":"ListItem","position":2,"name":"Meeskond"}]},{"@type":"WebSite","@id":"https:\/\/st-pereke.ee\/et\/#website","url":"https:\/\/st-pereke.ee\/et\/","name":"St-Pereke","description":"Tallinna Pere Rehabilitatsiooni Keskus","publisher":{"@id":"https:\/\/st-pereke.ee\/et\/#organization"},"potentialAction":[{"@type":"SearchAction","target":{"@type":"EntryPoint","urlTemplate":"https:\/\/st-pereke.ee\/et\/?s={search_term_string}"},"query-input":{"@type":"PropertyValueSpecification","valueRequired":true,"valueName":"search_term_string"}}],"inLanguage":"et"},{"@type":"Organization","@id":"https:\/\/st-pereke.ee\/et\/#organization","name":"St-Pereke","url":"https:\/\/st-pereke.ee\/et\/","logo":{"@type":"ImageObject","inLanguage":"et","@id":"https:\/\/st-pereke.ee\/et\/#\/schema\/logo\/image\/","url":"https:\/\/st-pereke.ee\/wp-content\/uploads\/2024\/06\/new-logo-1.png","contentUrl":"https:\/\/st-pereke.ee\/wp-content\/uploads\/2024\/06\/new-logo-1.png","width":1035,"height":1089,"caption":"St-Pereke"},"image":{"@id":"https:\/\/st-pereke.ee\/et\/#\/schema\/logo\/image\/"}}]}},"_links":{"self":[{"href":"https:\/\/st-pereke.ee\/et\/wp-json\/wp\/v2\/pages\/104","targetHints":{"allow":["GET"]}}],"collection":[{"href":"https:\/\/st-pereke.ee\/et\/wp-json\/wp\/v2\/pages"}],"about":[{"href":"https:\/\/st-pereke.ee\/et\/wp-json\/wp\/v2\/types\/page"}],"author":[{"embeddable":true,"href":"https:\/\/st-pereke.ee\/et\/wp-json\/wp\/v2\/users\/1"}],"replies":[{"embeddable":true,"href":"https:\/\/st-pereke.ee\/et\/wp-json\/wp\/v2\/comments?post=104"}],"version-history":[{"count":6,"href":"https:\/\/st-pereke.ee\/et\/wp-json\/wp\/v2\/pages\/104\/revisions"}],"predecessor-version":[{"id":316,"href":"https:\/\/st-pereke.ee\/et\/wp-json\/wp\/v2\/pages\/104\/revisions\/316"}],"wp:attachment":[{"href":"https:\/\/st-pereke.ee\/et\/wp-json\/wp\/v2\/media?parent=104"}],"curies":[{"name":"wp","href":"https:\/\/api.w.org\/{rel}","templated":true}]}}