{"id":292,"date":"2024-06-07T08:34:46","date_gmt":"2024-06-07T08:34:46","guid":{"rendered":"https:\/\/st-pereke.ee\/?page_id=292"},"modified":"2024-06-07T08:34:46","modified_gmt":"2024-06-07T08:34:46","slug":"privaatsuspoliitika","status":"publish","type":"page","link":"https:\/\/st-pereke.ee\/et\/privaatsuspoliitika\/","title":{"rendered":"Privaatsuspoliitika"},"content":{"rendered":"\n<h2 class=\"wp-block-heading\">Andmete kogumine ja kasutamine<\/h2>\n\n\n\n<p>Meie veebilehte k\u00fclastades v\u00f5idakse Teil paluda esitada teatud isiklikke andmeid, nagu Teie nimi, kontaktandmed, postiaadress jne. Need andmed on vajalikud selleks, et pakkuda Teile meie teenuseid ja t\u00e4ita meie lepingulisi kohustusi Teiega. Me ei jaga Teie isiklikke andmeid kolmandate osapooltega ilma Teie n\u00f5usolekuta.<\/p>\n\n\n\n<h2 class=\"wp-block-heading\">Andmete s\u00e4ilitamine<\/h2>\n\n\n\n<p>Teie isiklikke andmeid s\u00e4ilitatakse ainult seni, kuni see on vajalik meie teenuste osutamiseks ja seadusega etten\u00e4htud ajaperioodiks. P\u00e4rast seda kustutatakse andmed meie s\u00fcsteemidest turvaliselt.<\/p>\n\n\n\n<h2 class=\"wp-block-heading\">Turvalisus<\/h2>\n\n\n\n<p>Me rakendame rangeid turvameetmeid, et kaitsta Teie isiklikke andmeid volitamata juurdep\u00e4\u00e4su, muutmise v\u00f5i levitamise eest. Samuti teavitame Teid viivitamatult mis tahes turvarikkumisest, mis v\u00f5ib m\u00f5jutada teie isiklikke andmeid.<\/p>\n\n\n\n<h2 class=\"wp-block-heading\">K\u00fcpsised<\/h2>\n\n\n\n<p>Kasutame k\u00fcpsiseid, et parandada Teie veebilehe kogemust ja pakkuda Teile asjakohasemat sisu. K\u00fcpsiseid saate igal ajal oma veebilehitsejast keelata.<\/p>\n\n\n\n<h2 class=\"wp-block-heading\">Teie \u00f5igused<\/h2>\n\n\n\n<p>Teil on \u00f5igus igal ajal taotleda teavet Teie kohta kogutud isiklike andmete kohta, n\u00f5uda nende parandamist v\u00f5i kustutamist ning esitada vastuv\u00e4iteid nende t\u00f6\u00f6tlemise suhtes. V\u00f5tke meiega \u00fchendust, kui Teil on k\u00fcsimusi oma privaatsuspoliitika kohta v\u00f5i kui soovite kasutada m\u00f5nda oma \u00f5igustest.<\/p>\n\n\n\n<p>K\u00e4esolev privaatsuspoliitika v\u00f5ib aeg-ajalt muutuda ja seet\u00f5ttu soovitame seda regulaarselt kontrollida. Viimane muudatus tehti: 07.06.2024.<\/p>\n","protected":false},"excerpt":{"rendered":"<p>Andmete kogumine ja kasutamine Meie veebilehte k\u00fclastades v\u00f5idakse Teil paluda esitada teatud isiklikke andmeid, nagu Teie nimi, kontaktandmed, postiaadress jne. Need andmed on vajalikud selleks, et pakkuda Teile meie teenuseid ja t\u00e4ita meie lepingulisi kohustusi Teiega. Me ei jaga Teie isiklikke andmeid kolmandate osapooltega ilma Teie n\u00f5usolekuta. Andmete s\u00e4ilitamine Teie isiklikke andmeid s\u00e4ilitatakse ainult seni, [&hellip;]<\/p>\n","protected":false},"author":1,"featured_media":0,"parent":0,"menu_order":0,"comment_status":"closed","ping_status":"closed","template":"","meta":{"_acf_changed":false,"footnotes":""},"class_list":["post-292","page","type-page","status-publish","hentry"],"acf":[],"yoast_head":"<!-- This site is optimized with the Yoast SEO plugin v26.4 - https:\/\/yoast.com\/wordpress\/plugins\/seo\/ -->\n<title>Privaatsuspoliitika | St-Pereke<\/title>\n<meta name=\"robots\" content=\"index, follow, max-snippet:-1, max-image-preview:large, max-video-preview:-1\" \/>\n<link rel=\"canonical\" href=\"https:\/\/st-pereke.ee\/et\/privaatsuspoliitika\/\" \/>\n<meta property=\"og:locale\" content=\"et_EE\" \/>\n<meta property=\"og:type\" content=\"article\" \/>\n<meta property=\"og:title\" content=\"Privaatsuspoliitika | St-Pereke\" \/>\n<meta property=\"og:description\" content=\"Andmete kogumine ja kasutamine Meie veebilehte k\u00fclastades v\u00f5idakse Teil paluda esitada teatud isiklikke andmeid, nagu Teie nimi, kontaktandmed, postiaadress jne. Need andmed on vajalikud selleks, et pakkuda Teile meie teenuseid ja t\u00e4ita meie lepingulisi kohustusi Teiega. Me ei jaga Teie isiklikke andmeid kolmandate osapooltega ilma Teie n\u00f5usolekuta. Andmete s\u00e4ilitamine Teie isiklikke andmeid s\u00e4ilitatakse ainult seni, [&hellip;]\" \/>\n<meta property=\"og:url\" content=\"https:\/\/st-pereke.ee\/et\/privaatsuspoliitika\/\" \/>\n<meta property=\"og:site_name\" content=\"St-Pereke\" \/>\n<meta property=\"og:image\" content=\"https:\/\/st-pereke.ee\/wp-content\/uploads\/2024\/06\/new-logo-1.png\" \/>\n\t<meta property=\"og:image:width\" content=\"1035\" \/>\n\t<meta property=\"og:image:height\" content=\"1089\" \/>\n\t<meta property=\"og:image:type\" content=\"image\/png\" \/>\n<meta name=\"twitter:card\" content=\"summary_large_image\" \/>\n<meta name=\"twitter:label1\" content=\"Est. reading time\" \/>\n\t<meta name=\"twitter:data1\" content=\"1 minut\" \/>\n<script type=\"application\/ld+json\" class=\"yoast-schema-graph\">{\"@context\":\"https:\/\/schema.org\",\"@graph\":[{\"@type\":\"WebPage\",\"@id\":\"https:\/\/st-pereke.ee\/et\/privaatsuspoliitika\/\",\"url\":\"https:\/\/st-pereke.ee\/et\/privaatsuspoliitika\/\",\"name\":\"Privaatsuspoliitika | St-Pereke\",\"isPartOf\":{\"@id\":\"https:\/\/st-pereke.ee\/et\/#website\"},\"datePublished\":\"2024-06-07T08:34:46+00:00\",\"breadcrumb\":{\"@id\":\"https:\/\/st-pereke.ee\/et\/privaatsuspoliitika\/#breadcrumb\"},\"inLanguage\":\"et\",\"potentialAction\":[{\"@type\":\"ReadAction\",\"target\":[\"https:\/\/st-pereke.ee\/et\/privaatsuspoliitika\/\"]}]},{\"@type\":\"BreadcrumbList\",\"@id\":\"https:\/\/st-pereke.ee\/et\/privaatsuspoliitika\/#breadcrumb\",\"itemListElement\":[{\"@type\":\"ListItem\",\"position\":1,\"name\":\"Home\",\"item\":\"https:\/\/st-pereke.ee\/et\/\"},{\"@type\":\"ListItem\",\"position\":2,\"name\":\"Privaatsuspoliitika\"}]},{\"@type\":\"WebSite\",\"@id\":\"https:\/\/st-pereke.ee\/et\/#website\",\"url\":\"https:\/\/st-pereke.ee\/et\/\",\"name\":\"St-Pereke\",\"description\":\"Tallinna Pere Rehabilitatsiooni Keskus\",\"publisher\":{\"@id\":\"https:\/\/st-pereke.ee\/et\/#organization\"},\"potentialAction\":[{\"@type\":\"SearchAction\",\"target\":{\"@type\":\"EntryPoint\",\"urlTemplate\":\"https:\/\/st-pereke.ee\/et\/?s={search_term_string}\"},\"query-input\":{\"@type\":\"PropertyValueSpecification\",\"valueRequired\":true,\"valueName\":\"search_term_string\"}}],\"inLanguage\":\"et\"},{\"@type\":\"Organization\",\"@id\":\"https:\/\/st-pereke.ee\/et\/#organization\",\"name\":\"St-Pereke\",\"url\":\"https:\/\/st-pereke.ee\/et\/\",\"logo\":{\"@type\":\"ImageObject\",\"inLanguage\":\"et\",\"@id\":\"https:\/\/st-pereke.ee\/et\/#\/schema\/logo\/image\/\",\"url\":\"https:\/\/st-pereke.ee\/wp-content\/uploads\/2024\/06\/new-logo-1.png\",\"contentUrl\":\"https:\/\/st-pereke.ee\/wp-content\/uploads\/2024\/06\/new-logo-1.png\",\"width\":1035,\"height\":1089,\"caption\":\"St-Pereke\"},\"image\":{\"@id\":\"https:\/\/st-pereke.ee\/et\/#\/schema\/logo\/image\/\"}}]}<\/script>\n<!-- \/ Yoast SEO plugin. -->","yoast_head_json":{"title":"Privaatsuspoliitika | St-Pereke","robots":{"index":"index","follow":"follow","max-snippet":"max-snippet:-1","max-image-preview":"max-image-preview:large","max-video-preview":"max-video-preview:-1"},"canonical":"https:\/\/st-pereke.ee\/et\/privaatsuspoliitika\/","og_locale":"et_EE","og_type":"article","og_title":"Privaatsuspoliitika | St-Pereke","og_description":"Andmete kogumine ja kasutamine Meie veebilehte k\u00fclastades v\u00f5idakse Teil paluda esitada teatud isiklikke andmeid, nagu Teie nimi, kontaktandmed, postiaadress jne. Need andmed on vajalikud selleks, et pakkuda Teile meie teenuseid ja t\u00e4ita meie lepingulisi kohustusi Teiega. Me ei jaga Teie isiklikke andmeid kolmandate osapooltega ilma Teie n\u00f5usolekuta. Andmete s\u00e4ilitamine Teie isiklikke andmeid s\u00e4ilitatakse ainult seni, [&hellip;]","og_url":"https:\/\/st-pereke.ee\/et\/privaatsuspoliitika\/","og_site_name":"St-Pereke","og_image":[{"width":1035,"height":1089,"url":"https:\/\/st-pereke.ee\/wp-content\/uploads\/2024\/06\/new-logo-1.png","type":"image\/png"}],"twitter_card":"summary_large_image","twitter_misc":{"Est. reading time":"1 minut"},"schema":{"@context":"https:\/\/schema.org","@graph":[{"@type":"WebPage","@id":"https:\/\/st-pereke.ee\/et\/privaatsuspoliitika\/","url":"https:\/\/st-pereke.ee\/et\/privaatsuspoliitika\/","name":"Privaatsuspoliitika | St-Pereke","isPartOf":{"@id":"https:\/\/st-pereke.ee\/et\/#website"},"datePublished":"2024-06-07T08:34:46+00:00","breadcrumb":{"@id":"https:\/\/st-pereke.ee\/et\/privaatsuspoliitika\/#breadcrumb"},"inLanguage":"et","potentialAction":[{"@type":"ReadAction","target":["https:\/\/st-pereke.ee\/et\/privaatsuspoliitika\/"]}]},{"@type":"BreadcrumbList","@id":"https:\/\/st-pereke.ee\/et\/privaatsuspoliitika\/#breadcrumb","itemListElement":[{"@type":"ListItem","position":1,"name":"Home","item":"https:\/\/st-pereke.ee\/et\/"},{"@type":"ListItem","position":2,"name":"Privaatsuspoliitika"}]},{"@type":"WebSite","@id":"https:\/\/st-pereke.ee\/et\/#website","url":"https:\/\/st-pereke.ee\/et\/","name":"St-Pereke","description":"Tallinna Pere Rehabilitatsiooni Keskus","publisher":{"@id":"https:\/\/st-pereke.ee\/et\/#organization"},"potentialAction":[{"@type":"SearchAction","target":{"@type":"EntryPoint","urlTemplate":"https:\/\/st-pereke.ee\/et\/?s={search_term_string}"},"query-input":{"@type":"PropertyValueSpecification","valueRequired":true,"valueName":"search_term_string"}}],"inLanguage":"et"},{"@type":"Organization","@id":"https:\/\/st-pereke.ee\/et\/#organization","name":"St-Pereke","url":"https:\/\/st-pereke.ee\/et\/","logo":{"@type":"ImageObject","inLanguage":"et","@id":"https:\/\/st-pereke.ee\/et\/#\/schema\/logo\/image\/","url":"https:\/\/st-pereke.ee\/wp-content\/uploads\/2024\/06\/new-logo-1.png","contentUrl":"https:\/\/st-pereke.ee\/wp-content\/uploads\/2024\/06\/new-logo-1.png","width":1035,"height":1089,"caption":"St-Pereke"},"image":{"@id":"https:\/\/st-pereke.ee\/et\/#\/schema\/logo\/image\/"}}]}},"_links":{"self":[{"href":"https:\/\/st-pereke.ee\/et\/wp-json\/wp\/v2\/pages\/292","targetHints":{"allow":["GET"]}}],"collection":[{"href":"https:\/\/st-pereke.ee\/et\/wp-json\/wp\/v2\/pages"}],"about":[{"href":"https:\/\/st-pereke.ee\/et\/wp-json\/wp\/v2\/types\/page"}],"author":[{"embeddable":true,"href":"https:\/\/st-pereke.ee\/et\/wp-json\/wp\/v2\/users\/1"}],"replies":[{"embeddable":true,"href":"https:\/\/st-pereke.ee\/et\/wp-json\/wp\/v2\/comments?post=292"}],"version-history":[{"count":1,"href":"https:\/\/st-pereke.ee\/et\/wp-json\/wp\/v2\/pages\/292\/revisions"}],"predecessor-version":[{"id":293,"href":"https:\/\/st-pereke.ee\/et\/wp-json\/wp\/v2\/pages\/292\/revisions\/293"}],"wp:attachment":[{"href":"https:\/\/st-pereke.ee\/et\/wp-json\/wp\/v2\/media?parent=292"}],"curies":[{"name":"wp","href":"https:\/\/api.w.org\/{rel}","templated":true}]}}