{"id":715,"date":"2025-02-03T17:08:19","date_gmt":"2025-02-03T15:08:19","guid":{"rendered":"https:\/\/st-pereke.ee\/oluline-info\/"},"modified":"2026-03-13T09:35:55","modified_gmt":"2026-03-13T07:35:55","slug":"oluline-info","status":"publish","type":"page","link":"https:\/\/st-pereke.ee\/et\/oluline-info\/","title":{"rendered":"Oluline info"},"content":{"rendered":"\n<h2 class=\"wp-block-heading has-text-align-center\"><strong>KALLID K\u00dcLASTAJAD!<\/strong><\/h2>\n\n\n\n<p class=\"has-text-align-center\">Vastavalt konfidentsiaalsuse ja isikuandmete kaitse seadusele on Pereke rehabilitatsioonikeskuses keelatud lindistada ja filmida ilma administratsiooniga eelnevalt kokku leppimata\u044e<\/p>\n\n\n<div class=\"wp-block-image\">\n<figure class=\"aligncenter size-full is-resized\"><img loading=\"lazy\" decoding=\"async\" width=\"1000\" height=\"1000\" src=\"https:\/\/st-pereke.ee\/wp-content\/uploads\/2025\/07\/stock.png\" alt=\"\" class=\"wp-image-837\" style=\"width:276px;height:auto\" srcset=\"https:\/\/st-pereke.ee\/wp-content\/uploads\/2025\/07\/stock.png 1000w, https:\/\/st-pereke.ee\/wp-content\/uploads\/2025\/07\/stock-300x300.png 300w, https:\/\/st-pereke.ee\/wp-content\/uploads\/2025\/07\/stock-100x100.png 100w, https:\/\/st-pereke.ee\/wp-content\/uploads\/2025\/07\/stock-600x600.png 600w, https:\/\/st-pereke.ee\/wp-content\/uploads\/2025\/07\/stock-150x150.png 150w, https:\/\/st-pereke.ee\/wp-content\/uploads\/2025\/07\/stock-768x768.png 768w\" sizes=\"auto, (max-width: 1000px) 100vw, 1000px\" \/><\/figure><\/div>\n\n\n<hr class=\"wp-block-separator has-alpha-channel-opacity\"\/>\n\n\n\n<h2 class=\"wp-block-heading has-text-align-center\"><p style=\"font-weight: 400;\"><strong>T<\/strong><strong>\u00c4HELEPANU!!!<\/strong><\/p><\/h2>\n\n\n\n<p class=\"has-text-align-center\"><strong><span lang=\"ET\">Visiiti t\u00fchistada v\u00f5i haigestumisest teatada saab ainult<\/span><\/strong><\/p>\n\n\n\n<p class=\"has-text-align-center\"><strong><span lang=\"ET\">t\u00f6\u00f6ajal helistades numbril<\/span><\/strong><\/p>\n\n\n\n<p class=\"has-text-align-center\"><strong>P\u00c4RNU MNT 67A<\/strong><strong>&nbsp;&#8211;&nbsp;<\/strong>56299651<\/p>\n\n\n\n<p class=\"has-text-align-center\">PUNANE ja MAARDU &#8211; 56849651<\/p>\n\n\n\n<p class=\"has-text-align-center\"><strong><span lang=\"ET\">Esmasp\u00e4evast reedeni kell 9-19<\/span><\/strong><\/p>\n\n\n\n<p class=\"has-text-align-center\"><strong><span lang=\"ET\">Laup\u00e4eval kell 13-15<\/span><\/strong><\/p>\n\n\n\n<p class=\"has-text-align-center\">T\u00fchistamine hiljemalt 24 tundi enne tunni algust.<\/p>\n\n\n\n<p class=\"has-text-align-center\"><strong><span lang=\"ET\">T\u00e4name t\u00e4helepanu eest!<\/span><\/strong><\/p>\n\n\n\n<p><\/p>\n\n\n\n<hr class=\"wp-block-separator has-alpha-channel-opacity\"\/>\n\n\n\n<h2 class=\"wp-block-heading has-text-align-center\"><strong>KALLID K\u00dcLASTAJAD!<\/strong><\/h2>\n\n\n\n<p class=\"has-text-align-center\">Alates 01.01.2025 tasuta logopeedi ja f\u00fcsioterapeudi tundides (saatekirjaga Tervisekassist) k\u00e4ivad\r\npatsiendid peavad esmase visiidi eest tasuma 5 eurot. Kehtivad tasud suurenenud registreerimistasude ja broneerimistasude t\u00f5ttu. Erandid: rasedad, alla 2-aastased lapsed, samuti korduvvisiidid on TASUTA\r\nT\u00c4HELEPANU! Patsiendi vastuv\u00f5tule mitteilmumisel v\u00f5i t\u00fchistamisel v\u00e4hem kui 24 tundi ette, arvestatakse vastuv\u00f5tutasu 100%.<\/p>\n\n\n\n<p><\/p>\n","protected":false},"excerpt":{"rendered":"<p>KALLID K\u00dcLASTAJAD! Vastavalt konfidentsiaalsuse ja isikuandmete kaitse seadusele on Pereke rehabilitatsioonikeskuses keelatud lindistada ja filmida ilma administratsiooniga eelnevalt kokku leppimata\u044e T\u00c4HELEPANU!!! Visiiti t\u00fchistada v\u00f5i haigestumisest teatada saab ainult t\u00f6\u00f6ajal helistades numbril P\u00c4RNU MNT 67A&nbsp;&#8211;&nbsp;56299651 PUNANE ja MAARDU &#8211; 56849651 Esmasp\u00e4evast reedeni kell 9-19 Laup\u00e4eval kell 13-15 T\u00fchistamine hiljemalt 24 tundi enne tunni algust. T\u00e4name t\u00e4helepanu [&hellip;]<\/p>\n","protected":false},"author":1,"featured_media":0,"parent":0,"menu_order":0,"comment_status":"closed","ping_status":"closed","template":"","meta":{"_acf_changed":false,"footnotes":""},"class_list":["post-715","page","type-page","status-publish","hentry"],"acf":[],"yoast_head":"<!-- This site is optimized with the Yoast SEO plugin v26.4 - https:\/\/yoast.com\/wordpress\/plugins\/seo\/ -->\n<title>Oluline info | St-Pereke<\/title>\n<meta name=\"robots\" content=\"index, follow, max-snippet:-1, max-image-preview:large, max-video-preview:-1\" \/>\n<link rel=\"canonical\" href=\"https:\/\/st-pereke.ee\/et\/oluline-info\/\" \/>\n<meta property=\"og:locale\" content=\"et_EE\" \/>\n<meta property=\"og:type\" content=\"article\" \/>\n<meta property=\"og:title\" content=\"Oluline info | St-Pereke\" \/>\n<meta property=\"og:description\" content=\"KALLID K\u00dcLASTAJAD! Vastavalt konfidentsiaalsuse ja isikuandmete kaitse seadusele on Pereke rehabilitatsioonikeskuses keelatud lindistada ja filmida ilma administratsiooniga eelnevalt kokku leppimata\u044e T\u00c4HELEPANU!!! Visiiti t\u00fchistada v\u00f5i haigestumisest teatada saab ainult t\u00f6\u00f6ajal helistades numbril P\u00c4RNU MNT 67A&nbsp;&#8211;&nbsp;56299651 PUNANE ja MAARDU &#8211; 56849651 Esmasp\u00e4evast reedeni kell 9-19 Laup\u00e4eval kell 13-15 T\u00fchistamine hiljemalt 24 tundi enne tunni algust. T\u00e4name t\u00e4helepanu [&hellip;]\" \/>\n<meta property=\"og:url\" content=\"https:\/\/st-pereke.ee\/et\/oluline-info\/\" \/>\n<meta property=\"og:site_name\" content=\"St-Pereke\" \/>\n<meta property=\"article:modified_time\" content=\"2026-03-13T07:35:55+00:00\" \/>\n<meta property=\"og:image\" content=\"https:\/\/st-pereke.ee\/wp-content\/uploads\/2025\/07\/stock.png\" \/>\n\t<meta property=\"og:image:width\" content=\"1000\" \/>\n\t<meta property=\"og:image:height\" content=\"1000\" \/>\n\t<meta property=\"og:image:type\" content=\"image\/png\" \/>\n<meta name=\"twitter:card\" content=\"summary_large_image\" \/>\n<meta name=\"twitter:label1\" content=\"Est. reading time\" \/>\n\t<meta name=\"twitter:data1\" content=\"1 minut\" \/>\n<script type=\"application\/ld+json\" class=\"yoast-schema-graph\">{\"@context\":\"https:\/\/schema.org\",\"@graph\":[{\"@type\":\"WebPage\",\"@id\":\"https:\/\/st-pereke.ee\/et\/oluline-info\/\",\"url\":\"https:\/\/st-pereke.ee\/et\/oluline-info\/\",\"name\":\"Oluline info | St-Pereke\",\"isPartOf\":{\"@id\":\"https:\/\/st-pereke.ee\/et\/#website\"},\"primaryImageOfPage\":{\"@id\":\"https:\/\/st-pereke.ee\/et\/oluline-info\/#primaryimage\"},\"image\":{\"@id\":\"https:\/\/st-pereke.ee\/et\/oluline-info\/#primaryimage\"},\"thumbnailUrl\":\"https:\/\/st-pereke.ee\/wp-content\/uploads\/2025\/07\/stock.png\",\"datePublished\":\"2025-02-03T15:08:19+00:00\",\"dateModified\":\"2026-03-13T07:35:55+00:00\",\"breadcrumb\":{\"@id\":\"https:\/\/st-pereke.ee\/et\/oluline-info\/#breadcrumb\"},\"inLanguage\":\"et\",\"potentialAction\":[{\"@type\":\"ReadAction\",\"target\":[\"https:\/\/st-pereke.ee\/et\/oluline-info\/\"]}]},{\"@type\":\"ImageObject\",\"inLanguage\":\"et\",\"@id\":\"https:\/\/st-pereke.ee\/et\/oluline-info\/#primaryimage\",\"url\":\"https:\/\/st-pereke.ee\/wp-content\/uploads\/2025\/07\/stock.png\",\"contentUrl\":\"https:\/\/st-pereke.ee\/wp-content\/uploads\/2025\/07\/stock.png\"},{\"@type\":\"BreadcrumbList\",\"@id\":\"https:\/\/st-pereke.ee\/et\/oluline-info\/#breadcrumb\",\"itemListElement\":[{\"@type\":\"ListItem\",\"position\":1,\"name\":\"Home\",\"item\":\"https:\/\/st-pereke.ee\/et\/\"},{\"@type\":\"ListItem\",\"position\":2,\"name\":\"Oluline info\"}]},{\"@type\":\"WebSite\",\"@id\":\"https:\/\/st-pereke.ee\/et\/#website\",\"url\":\"https:\/\/st-pereke.ee\/et\/\",\"name\":\"St-Pereke\",\"description\":\"Tallinna Pere Rehabilitatsiooni Keskus\",\"publisher\":{\"@id\":\"https:\/\/st-pereke.ee\/et\/#organization\"},\"potentialAction\":[{\"@type\":\"SearchAction\",\"target\":{\"@type\":\"EntryPoint\",\"urlTemplate\":\"https:\/\/st-pereke.ee\/et\/?s={search_term_string}\"},\"query-input\":{\"@type\":\"PropertyValueSpecification\",\"valueRequired\":true,\"valueName\":\"search_term_string\"}}],\"inLanguage\":\"et\"},{\"@type\":\"Organization\",\"@id\":\"https:\/\/st-pereke.ee\/et\/#organization\",\"name\":\"St-Pereke\",\"url\":\"https:\/\/st-pereke.ee\/et\/\",\"logo\":{\"@type\":\"ImageObject\",\"inLanguage\":\"et\",\"@id\":\"https:\/\/st-pereke.ee\/et\/#\/schema\/logo\/image\/\",\"url\":\"https:\/\/st-pereke.ee\/wp-content\/uploads\/2024\/06\/new-logo-1.png\",\"contentUrl\":\"https:\/\/st-pereke.ee\/wp-content\/uploads\/2024\/06\/new-logo-1.png\",\"width\":1035,\"height\":1089,\"caption\":\"St-Pereke\"},\"image\":{\"@id\":\"https:\/\/st-pereke.ee\/et\/#\/schema\/logo\/image\/\"}}]}<\/script>\n<!-- \/ Yoast SEO plugin. -->","yoast_head_json":{"title":"Oluline info | St-Pereke","robots":{"index":"index","follow":"follow","max-snippet":"max-snippet:-1","max-image-preview":"max-image-preview:large","max-video-preview":"max-video-preview:-1"},"canonical":"https:\/\/st-pereke.ee\/et\/oluline-info\/","og_locale":"et_EE","og_type":"article","og_title":"Oluline info | St-Pereke","og_description":"KALLID K\u00dcLASTAJAD! Vastavalt konfidentsiaalsuse ja isikuandmete kaitse seadusele on Pereke rehabilitatsioonikeskuses keelatud lindistada ja filmida ilma administratsiooniga eelnevalt kokku leppimata\u044e T\u00c4HELEPANU!!! Visiiti t\u00fchistada v\u00f5i haigestumisest teatada saab ainult t\u00f6\u00f6ajal helistades numbril P\u00c4RNU MNT 67A&nbsp;&#8211;&nbsp;56299651 PUNANE ja MAARDU &#8211; 56849651 Esmasp\u00e4evast reedeni kell 9-19 Laup\u00e4eval kell 13-15 T\u00fchistamine hiljemalt 24 tundi enne tunni algust. T\u00e4name t\u00e4helepanu [&hellip;]","og_url":"https:\/\/st-pereke.ee\/et\/oluline-info\/","og_site_name":"St-Pereke","article_modified_time":"2026-03-13T07:35:55+00:00","og_image":[{"width":1000,"height":1000,"url":"https:\/\/st-pereke.ee\/wp-content\/uploads\/2025\/07\/stock.png","type":"image\/png"}],"twitter_card":"summary_large_image","twitter_misc":{"Est. reading time":"1 minut"},"schema":{"@context":"https:\/\/schema.org","@graph":[{"@type":"WebPage","@id":"https:\/\/st-pereke.ee\/et\/oluline-info\/","url":"https:\/\/st-pereke.ee\/et\/oluline-info\/","name":"Oluline info | St-Pereke","isPartOf":{"@id":"https:\/\/st-pereke.ee\/et\/#website"},"primaryImageOfPage":{"@id":"https:\/\/st-pereke.ee\/et\/oluline-info\/#primaryimage"},"image":{"@id":"https:\/\/st-pereke.ee\/et\/oluline-info\/#primaryimage"},"thumbnailUrl":"https:\/\/st-pereke.ee\/wp-content\/uploads\/2025\/07\/stock.png","datePublished":"2025-02-03T15:08:19+00:00","dateModified":"2026-03-13T07:35:55+00:00","breadcrumb":{"@id":"https:\/\/st-pereke.ee\/et\/oluline-info\/#breadcrumb"},"inLanguage":"et","potentialAction":[{"@type":"ReadAction","target":["https:\/\/st-pereke.ee\/et\/oluline-info\/"]}]},{"@type":"ImageObject","inLanguage":"et","@id":"https:\/\/st-pereke.ee\/et\/oluline-info\/#primaryimage","url":"https:\/\/st-pereke.ee\/wp-content\/uploads\/2025\/07\/stock.png","contentUrl":"https:\/\/st-pereke.ee\/wp-content\/uploads\/2025\/07\/stock.png"},{"@type":"BreadcrumbList","@id":"https:\/\/st-pereke.ee\/et\/oluline-info\/#breadcrumb","itemListElement":[{"@type":"ListItem","position":1,"name":"Home","item":"https:\/\/st-pereke.ee\/et\/"},{"@type":"ListItem","position":2,"name":"Oluline info"}]},{"@type":"WebSite","@id":"https:\/\/st-pereke.ee\/et\/#website","url":"https:\/\/st-pereke.ee\/et\/","name":"St-Pereke","description":"Tallinna Pere Rehabilitatsiooni Keskus","publisher":{"@id":"https:\/\/st-pereke.ee\/et\/#organization"},"potentialAction":[{"@type":"SearchAction","target":{"@type":"EntryPoint","urlTemplate":"https:\/\/st-pereke.ee\/et\/?s={search_term_string}"},"query-input":{"@type":"PropertyValueSpecification","valueRequired":true,"valueName":"search_term_string"}}],"inLanguage":"et"},{"@type":"Organization","@id":"https:\/\/st-pereke.ee\/et\/#organization","name":"St-Pereke","url":"https:\/\/st-pereke.ee\/et\/","logo":{"@type":"ImageObject","inLanguage":"et","@id":"https:\/\/st-pereke.ee\/et\/#\/schema\/logo\/image\/","url":"https:\/\/st-pereke.ee\/wp-content\/uploads\/2024\/06\/new-logo-1.png","contentUrl":"https:\/\/st-pereke.ee\/wp-content\/uploads\/2024\/06\/new-logo-1.png","width":1035,"height":1089,"caption":"St-Pereke"},"image":{"@id":"https:\/\/st-pereke.ee\/et\/#\/schema\/logo\/image\/"}}]}},"_links":{"self":[{"href":"https:\/\/st-pereke.ee\/et\/wp-json\/wp\/v2\/pages\/715","targetHints":{"allow":["GET"]}}],"collection":[{"href":"https:\/\/st-pereke.ee\/et\/wp-json\/wp\/v2\/pages"}],"about":[{"href":"https:\/\/st-pereke.ee\/et\/wp-json\/wp\/v2\/types\/page"}],"author":[{"embeddable":true,"href":"https:\/\/st-pereke.ee\/et\/wp-json\/wp\/v2\/users\/1"}],"replies":[{"embeddable":true,"href":"https:\/\/st-pereke.ee\/et\/wp-json\/wp\/v2\/comments?post=715"}],"version-history":[{"count":3,"href":"https:\/\/st-pereke.ee\/et\/wp-json\/wp\/v2\/pages\/715\/revisions"}],"predecessor-version":[{"id":908,"href":"https:\/\/st-pereke.ee\/et\/wp-json\/wp\/v2\/pages\/715\/revisions\/908"}],"wp:attachment":[{"href":"https:\/\/st-pereke.ee\/et\/wp-json\/wp\/v2\/media?parent=715"}],"curies":[{"name":"wp","href":"https:\/\/api.w.org\/{rel}","templated":true}]}}