{"id":95,"date":"2024-05-20T20:35:25","date_gmt":"2024-05-20T20:35:25","guid":{"rendered":"https:\/\/st-pereke.ee\/?page_id=95"},"modified":"2026-02-04T10:30:03","modified_gmt":"2026-02-04T08:30:03","slug":"hinnakiri","status":"publish","type":"page","link":"https:\/\/st-pereke.ee\/et\/hinnakiri\/","title":{"rendered":"Hinnakiri"},"content":{"rendered":"\n<p>Allolevas tabelis on v\u00e4lja toodud info tasuliste teenuste kohta.<\/p>\n\n\n<span id=\"tablepress-1-description\" class=\"tablepress-table-description tablepress-table-description-id-1\">Hinnad kuup\u00e4evast 01.01.2026<\/span>\n\n<table id=\"tablepress-1\" class=\"tablepress tablepress-id-1\" aria-describedby=\"tablepress-1-description\">\n<thead>\n<tr class=\"row-1\">\n\t<th class=\"column-1\">Teenuse nimi<\/th><th class=\"column-2\">Hind <\/th>\n<\/tr>\n<\/thead>\n<tbody class=\"row-striping row-hover\">\n<tr class=\"row-2\">\n\t<td class=\"column-1\">Kardioloogi vastuv\u00f5tt<\/td><td class=\"column-2\">30 min\/110 euro<\/td>\n<\/tr>\n<tr class=\"row-3\">\n\t<td class=\"column-1\">Kardioloogi konsultatsioon (videokonsultatsioon)<\/td><td class=\"column-2\">30 min\/110 euro<\/td>\n<\/tr>\n<tr class=\"row-4\">\n\t<td class=\"column-1\">Korduv vastuv\u00f5tt<\/td><td class=\"column-2\">30 min\/90 euro<\/td>\n<\/tr>\n<tr class=\"row-5\">\n\t<td class=\"column-1\">Elektrokardiogramm (EKG)<\/td><td class=\"column-2\">35 euro<\/td>\n<\/tr>\n<tr class=\"row-6\">\n\t<td class=\"column-1\">Koormustest liikuvrajal<\/td><td class=\"column-2\">145 euro<\/td>\n<\/tr>\n<tr class=\"row-7\">\n\t<td class=\"column-1\">PS\u00dcHHIAATER<\/td><td class=\"column-2\"><\/td>\n<\/tr>\n<tr class=\"row-8\">\n\t<td class=\"column-1\">Ps\u00fchhiaatri konsultatsioon (Dr. Andrei Ta\u0161kin)<\/td><td class=\"column-2\">kuni 30 min \/ 110 euro<\/td>\n<\/tr>\n<tr class=\"row-9\">\n\t<td class=\"column-1\">Ps\u00fchhiaatri konsultatsioon (Dr. Galina Novitskaja)<\/td><td class=\"column-2\">kuni 45 min \/ 120 euro<\/td>\n<\/tr>\n<tr class=\"row-10\">\n\t<td class=\"column-1\">Ps\u00fchhiaatri veebikonsultatsioon<\/td><td class=\"column-2\">kuni 30 min \/ 110 euro<\/td>\n<\/tr>\n<tr class=\"row-11\">\n\t<td class=\"column-1\">T\u00f5end relvaloa jaoks<\/td><td class=\"column-2\">110 euro<\/td>\n<\/tr>\n<tr class=\"row-12\">\n\t<td class=\"column-1\">T\u00c4HELEPANU! Kui patsient ei ilmu vastuv\u00f5tule v\u00f5i t\u00fchistab selle v\u00e4hem kui 24 tundi enne kokkulepitud aega, rakendub 50-eurone tasu.<\/td><td class=\"column-2\"><\/td>\n<\/tr>\n<tr class=\"row-13\">\n\t<td class=\"column-1\">PS\u00dcHHOLOOG<\/td><td class=\"column-2\"><\/td>\n<\/tr>\n<tr class=\"row-14\">\n\t<td class=\"column-1\">Kliinilise ps\u00fchholoogi diagnoostika<\/td><td class=\"column-2\">60 min\/135 euro<\/td>\n<\/tr>\n<tr class=\"row-15\">\n\t<td class=\"column-1\">Kliinilise ps\u00fchholoogi konsultatsioon<\/td><td class=\"column-2\">45 min\/80 euro, 60 min\/90 euro<\/td>\n<\/tr>\n<tr class=\"row-16\">\n\t<td class=\"column-1\">Kiire konsultatsioon kliinilise ps\u00fchholoogiga<\/td><td class=\"column-2\">60 min\/200 euro<\/td>\n<\/tr>\n<tr class=\"row-17\">\n\t<td class=\"column-1\">Diagnoostika ps\u00fchholoogi<\/td><td class=\"column-2\">60 min\/75 euro<\/td>\n<\/tr>\n<tr class=\"row-18\">\n\t<td class=\"column-1\">Ps\u00fchholoogi konsultatsioon<\/td><td class=\"column-2\">30 min \/35 eur, 45 min \/ 45 eur, 60 min \/65 euro<\/td>\n<\/tr>\n<tr class=\"row-19\">\n\t<td class=\"column-1\">Kiirkonsultatsioon ps\u00fchholoogi<\/td><td class=\"column-2\">60 min\/130 euro<\/td>\n<\/tr>\n<tr class=\"row-20\">\n\t<td class=\"column-1\">LOGOPEED<\/td><td class=\"column-2\"><\/td>\n<\/tr>\n<tr class=\"row-21\">\n\t<td class=\"column-1\">Logopeedi diagnostika<\/td><td class=\"column-2\">40 min\/45 euro<\/td>\n<\/tr>\n<tr class=\"row-22\">\n\t<td class=\"column-1\">Logopeedi tund<\/td><td class=\"column-2\">30 min\/35 euro, 40 min\/45 euro<\/td>\n<\/tr>\n<tr class=\"row-23\">\n\t<td class=\"column-1\">Logopeediline massaa\u017e<\/td><td class=\"column-2\">30 min\/30 euro<\/td>\n<\/tr>\n<tr class=\"row-24\">\n\t<td class=\"column-1\">Eripedagoogi teenused<\/td><td class=\"column-2\">30 min\/35 euro, 40 min\/45 euro<\/td>\n<\/tr>\n<tr class=\"row-25\">\n\t<td class=\"column-1\">Sensoorne integratsioon<\/td><td class=\"column-2\">30 min\/35 euro, 45 min\/45 euro<\/td>\n<\/tr>\n<tr class=\"row-26\">\n\t<td class=\"column-1\">Esmane diagnostika sensoorne integratsioon  <\/td><td class=\"column-2\">60 min\/55 euro<\/td>\n<\/tr>\n<tr class=\"row-27\">\n\t<td class=\"column-1\">F\u00fcsioterapeudi teenused<\/td><td class=\"column-2\">30 min\/35 euro, 45 min\/45 euro, 60 min\/55 euro<\/td>\n<\/tr>\n<tr class=\"row-28\">\n\t<td class=\"column-1\">Massaa\u017e lapsele (kuni 15 a.)<\/td><td class=\"column-2\">30 min\/30 euro, 45 min\/40 euro<\/td>\n<\/tr>\n<tr class=\"row-29\">\n\t<td class=\"column-1\">T\u00e4iskasvanute massaa\u017e<\/td><td class=\"column-2\">30 min\/38 euro, 45 min\/45 euro, 60 min\/65 euro<\/td>\n<\/tr>\n<tr class=\"row-30\">\n\t<td class=\"column-1\">Kunstiteraapia<\/td><td class=\"column-2\">30 min\/35 euro, 45 min\/45 euro, 60 min\/55 euro<\/td>\n<\/tr>\n<tr class=\"row-31\">\n\t<td class=\"column-1\">Kirjalik kokkuv\u00f5te uuringu tulemustest<\/td><td class=\"column-2\">35 euro<\/td>\n<\/tr>\n<\/tbody>\n<\/table>\n<!-- #tablepress-1 from cache -->\n","protected":false},"excerpt":{"rendered":"<p>Allolevas tabelis on v\u00e4lja toodud info tasuliste teenuste kohta.<\/p>\n","protected":false},"author":1,"featured_media":0,"parent":0,"menu_order":0,"comment_status":"closed","ping_status":"closed","template":"page-hinnakiri.php","meta":{"_acf_changed":false,"footnotes":""},"class_list":["post-95","page","type-page","status-publish","hentry"],"acf":[],"yoast_head":"<!-- This site is optimized with the Yoast SEO plugin v26.4 - https:\/\/yoast.com\/wordpress\/plugins\/seo\/ -->\n<title>Hinnakiri | St-Pereke<\/title>\n<meta name=\"description\" content=\"Tutvu meie teenuste hinnakirjaga. Kvaliteetne hooldus ja rehabilitatsioon taskukohase hinnaga. Vaata hindu ja broneeri aeg!\" \/>\n<meta name=\"robots\" content=\"index, follow, max-snippet:-1, max-image-preview:large, max-video-preview:-1\" \/>\n<link rel=\"canonical\" href=\"https:\/\/st-pereke.ee\/et\/hinnakiri\/\" \/>\n<meta property=\"og:locale\" content=\"et_EE\" \/>\n<meta property=\"og:type\" content=\"article\" \/>\n<meta property=\"og:title\" content=\"Hinnakiri | St-Pereke\" \/>\n<meta property=\"og:description\" content=\"Tutvu meie teenuste hinnakirjaga. Kvaliteetne hooldus ja rehabilitatsioon taskukohase hinnaga. Vaata hindu ja broneeri aeg!\" \/>\n<meta property=\"og:url\" content=\"https:\/\/st-pereke.ee\/et\/hinnakiri\/\" \/>\n<meta property=\"og:site_name\" content=\"St-Pereke\" \/>\n<meta property=\"article:modified_time\" content=\"2026-02-04T08:30:03+00:00\" \/>\n<meta property=\"og:image\" content=\"https:\/\/st-pereke.ee\/wp-content\/uploads\/2024\/06\/new-logo-1.png\" \/>\n\t<meta property=\"og:image:width\" content=\"1035\" \/>\n\t<meta property=\"og:image:height\" content=\"1089\" \/>\n\t<meta property=\"og:image:type\" content=\"image\/png\" \/>\n<meta name=\"twitter:card\" content=\"summary_large_image\" \/>\n<meta name=\"twitter:label1\" content=\"Est. reading time\" \/>\n\t<meta name=\"twitter:data1\" content=\"1 minut\" \/>\n<script type=\"application\/ld+json\" class=\"yoast-schema-graph\">{\"@context\":\"https:\/\/schema.org\",\"@graph\":[{\"@type\":\"WebPage\",\"@id\":\"https:\/\/st-pereke.ee\/et\/hinnakiri\/\",\"url\":\"https:\/\/st-pereke.ee\/et\/hinnakiri\/\",\"name\":\"Hinnakiri | St-Pereke\",\"isPartOf\":{\"@id\":\"https:\/\/st-pereke.ee\/et\/#website\"},\"datePublished\":\"2024-05-20T20:35:25+00:00\",\"dateModified\":\"2026-02-04T08:30:03+00:00\",\"description\":\"Tutvu meie teenuste hinnakirjaga. Kvaliteetne hooldus ja rehabilitatsioon taskukohase hinnaga. Vaata hindu ja broneeri aeg!\",\"breadcrumb\":{\"@id\":\"https:\/\/st-pereke.ee\/et\/hinnakiri\/#breadcrumb\"},\"inLanguage\":\"et\",\"potentialAction\":[{\"@type\":\"ReadAction\",\"target\":[\"https:\/\/st-pereke.ee\/et\/hinnakiri\/\"]}]},{\"@type\":\"BreadcrumbList\",\"@id\":\"https:\/\/st-pereke.ee\/et\/hinnakiri\/#breadcrumb\",\"itemListElement\":[{\"@type\":\"ListItem\",\"position\":1,\"name\":\"Home\",\"item\":\"https:\/\/st-pereke.ee\/et\/\"},{\"@type\":\"ListItem\",\"position\":2,\"name\":\"Hinnakiri\"}]},{\"@type\":\"WebSite\",\"@id\":\"https:\/\/st-pereke.ee\/et\/#website\",\"url\":\"https:\/\/st-pereke.ee\/et\/\",\"name\":\"St-Pereke\",\"description\":\"Tallinna Pere Rehabilitatsiooni Keskus\",\"publisher\":{\"@id\":\"https:\/\/st-pereke.ee\/et\/#organization\"},\"potentialAction\":[{\"@type\":\"SearchAction\",\"target\":{\"@type\":\"EntryPoint\",\"urlTemplate\":\"https:\/\/st-pereke.ee\/et\/?s={search_term_string}\"},\"query-input\":{\"@type\":\"PropertyValueSpecification\",\"valueRequired\":true,\"valueName\":\"search_term_string\"}}],\"inLanguage\":\"et\"},{\"@type\":\"Organization\",\"@id\":\"https:\/\/st-pereke.ee\/et\/#organization\",\"name\":\"St-Pereke\",\"url\":\"https:\/\/st-pereke.ee\/et\/\",\"logo\":{\"@type\":\"ImageObject\",\"inLanguage\":\"et\",\"@id\":\"https:\/\/st-pereke.ee\/et\/#\/schema\/logo\/image\/\",\"url\":\"https:\/\/st-pereke.ee\/wp-content\/uploads\/2024\/06\/new-logo-1.png\",\"contentUrl\":\"https:\/\/st-pereke.ee\/wp-content\/uploads\/2024\/06\/new-logo-1.png\",\"width\":1035,\"height\":1089,\"caption\":\"St-Pereke\"},\"image\":{\"@id\":\"https:\/\/st-pereke.ee\/et\/#\/schema\/logo\/image\/\"}}]}<\/script>\n<!-- \/ Yoast SEO plugin. -->","yoast_head_json":{"title":"Hinnakiri | St-Pereke","description":"Tutvu meie teenuste hinnakirjaga. Kvaliteetne hooldus ja rehabilitatsioon taskukohase hinnaga. Vaata hindu ja broneeri aeg!","robots":{"index":"index","follow":"follow","max-snippet":"max-snippet:-1","max-image-preview":"max-image-preview:large","max-video-preview":"max-video-preview:-1"},"canonical":"https:\/\/st-pereke.ee\/et\/hinnakiri\/","og_locale":"et_EE","og_type":"article","og_title":"Hinnakiri | St-Pereke","og_description":"Tutvu meie teenuste hinnakirjaga. Kvaliteetne hooldus ja rehabilitatsioon taskukohase hinnaga. Vaata hindu ja broneeri aeg!","og_url":"https:\/\/st-pereke.ee\/et\/hinnakiri\/","og_site_name":"St-Pereke","article_modified_time":"2026-02-04T08:30:03+00:00","og_image":[{"width":1035,"height":1089,"url":"https:\/\/st-pereke.ee\/wp-content\/uploads\/2024\/06\/new-logo-1.png","type":"image\/png"}],"twitter_card":"summary_large_image","twitter_misc":{"Est. reading time":"1 minut"},"schema":{"@context":"https:\/\/schema.org","@graph":[{"@type":"WebPage","@id":"https:\/\/st-pereke.ee\/et\/hinnakiri\/","url":"https:\/\/st-pereke.ee\/et\/hinnakiri\/","name":"Hinnakiri | St-Pereke","isPartOf":{"@id":"https:\/\/st-pereke.ee\/et\/#website"},"datePublished":"2024-05-20T20:35:25+00:00","dateModified":"2026-02-04T08:30:03+00:00","description":"Tutvu meie teenuste hinnakirjaga. Kvaliteetne hooldus ja rehabilitatsioon taskukohase hinnaga. Vaata hindu ja broneeri aeg!","breadcrumb":{"@id":"https:\/\/st-pereke.ee\/et\/hinnakiri\/#breadcrumb"},"inLanguage":"et","potentialAction":[{"@type":"ReadAction","target":["https:\/\/st-pereke.ee\/et\/hinnakiri\/"]}]},{"@type":"BreadcrumbList","@id":"https:\/\/st-pereke.ee\/et\/hinnakiri\/#breadcrumb","itemListElement":[{"@type":"ListItem","position":1,"name":"Home","item":"https:\/\/st-pereke.ee\/et\/"},{"@type":"ListItem","position":2,"name":"Hinnakiri"}]},{"@type":"WebSite","@id":"https:\/\/st-pereke.ee\/et\/#website","url":"https:\/\/st-pereke.ee\/et\/","name":"St-Pereke","description":"Tallinna Pere Rehabilitatsiooni Keskus","publisher":{"@id":"https:\/\/st-pereke.ee\/et\/#organization"},"potentialAction":[{"@type":"SearchAction","target":{"@type":"EntryPoint","urlTemplate":"https:\/\/st-pereke.ee\/et\/?s={search_term_string}"},"query-input":{"@type":"PropertyValueSpecification","valueRequired":true,"valueName":"search_term_string"}}],"inLanguage":"et"},{"@type":"Organization","@id":"https:\/\/st-pereke.ee\/et\/#organization","name":"St-Pereke","url":"https:\/\/st-pereke.ee\/et\/","logo":{"@type":"ImageObject","inLanguage":"et","@id":"https:\/\/st-pereke.ee\/et\/#\/schema\/logo\/image\/","url":"https:\/\/st-pereke.ee\/wp-content\/uploads\/2024\/06\/new-logo-1.png","contentUrl":"https:\/\/st-pereke.ee\/wp-content\/uploads\/2024\/06\/new-logo-1.png","width":1035,"height":1089,"caption":"St-Pereke"},"image":{"@id":"https:\/\/st-pereke.ee\/et\/#\/schema\/logo\/image\/"}}]}},"_links":{"self":[{"href":"https:\/\/st-pereke.ee\/et\/wp-json\/wp\/v2\/pages\/95","targetHints":{"allow":["GET"]}}],"collection":[{"href":"https:\/\/st-pereke.ee\/et\/wp-json\/wp\/v2\/pages"}],"about":[{"href":"https:\/\/st-pereke.ee\/et\/wp-json\/wp\/v2\/types\/page"}],"author":[{"embeddable":true,"href":"https:\/\/st-pereke.ee\/et\/wp-json\/wp\/v2\/users\/1"}],"replies":[{"embeddable":true,"href":"https:\/\/st-pereke.ee\/et\/wp-json\/wp\/v2\/comments?post=95"}],"version-history":[{"count":7,"href":"https:\/\/st-pereke.ee\/et\/wp-json\/wp\/v2\/pages\/95\/revisions"}],"predecessor-version":[{"id":890,"href":"https:\/\/st-pereke.ee\/et\/wp-json\/wp\/v2\/pages\/95\/revisions\/890"}],"wp:attachment":[{"href":"https:\/\/st-pereke.ee\/et\/wp-json\/wp\/v2\/media?parent=95"}],"curies":[{"name":"wp","href":"https:\/\/api.w.org\/{rel}","templated":true}]}}